{"id":1050,"date":"2016-12-21T11:55:29","date_gmt":"2016-12-21T11:55:29","guid":{"rendered":"http:\/\/new.tecnostainerozone.com\/?page_id=1050"},"modified":"2016-12-21T11:55:29","modified_gmt":"2016-12-21T11:55:29","slug":"terms-and-conditions","status":"publish","type":"page","link":"http:\/\/myhometenerife.com\/it\/terms-and-conditions\/","title":{"rendered":"Politica de privacidad"},"content":{"rendered":"<p>Pol\u00edtica de Privacidad<\/p>\n<p>La prestaci\u00f3n de los servicios y productos disponibles por My Home Tenerife a trav\u00e9s de esta p\u00e1gina web est\u00e1n sujetos a las siguientes condiciones de uso. Por favor, t\u00e9ngalas en cuenta cuando est\u00e9 visitando nuestra p\u00e1gina web.<br \/>\nMy Home Tenerife se reserva el derecho de cambiar estas condiciones de uso, y los productos y servicios, precios y programas mencionados en su p\u00e1gina web, sin previo aviso.<br \/>\n\u00b7INFORMACI\u00d3N<\/p>\n<p>My Home Tenerife se esfuerza para asegurarse de que la informaci\u00f3n que aparece en esta p\u00e1gina web es correcta y se encuentra actualizada.<br \/>\nNo obstante, no pueden descartarse errores u omisiones, por lo que el usuario no deber\u00e1 considerar exacta la informaci\u00f3n sin comprobar antes tal exactitud directamente con My Home Tenerife. Ninguno de los contenidos de esta p\u00e1gina web debe ser considerado como una afirmaci\u00f3n o un hecho indudable, ni tienen valor contractual.<br \/>\nMy Home Tenerife no puede controlar el empleo que el usuario d\u00e9 a la informaci\u00f3n o herramientas que se ofrecen a los usuarios desde la web, y por tanto no ser\u00e1 responsable de ning\u00fan tipo de da\u00f1os o perjuicios, ya sean directos o indirectos, que puedan derivar de o tener conexi\u00f3n con el empleo de dicha informaci\u00f3n o herramientas. En ning\u00fan caso resultar\u00e1n afectados los derechos que como consumidor puedan corresponder legalmente al cliente de My Home Tenerife.<br \/>\n\u00b7DERECHO DEL COPYRIGHT<\/p>\n<p>Todos los contenidos de la presente p\u00e1gina web son titularidad de My Home Tenerife.<br \/>\nMy Home Tenerife permite utilizar, reproducir y distribuir el contenido de su p\u00e1gina web, siempre y cuando cuente con la previa autorizaci\u00f3n escrita de My Home Tenerife y cumpla con las siguientes condiciones:<br \/>\nCualquier copia total o parcial de la p\u00e1gina web de My Home Tenerife deber\u00e1 incluir el aviso sobre el copyright de My Home Tenerife. Todos los derechos reservados. En caso de utilizaci\u00f3n, reproducci\u00f3n y distribuci\u00f3n de contenidos propiedad de terceras personas que aparezcan en esta p\u00e1gina web, el s\u00edmbolo de copyright de dichas personas deber\u00e1 aparecer en todas las reproducciones.<br \/>\nNo se podr\u00e1n realizar modificaciones sobre el contenido excepto cuando cuente con la previa autorizaci\u00f3n de My Home Tenerife. Este s\u00f3lo podr\u00e1 ser utilizado con fines informativos. Se proh\u00edbe su utilizaci\u00f3n para fines comerciales o para su distribuci\u00f3n, comunicaci\u00f3n p\u00fablica, transformaci\u00f3n o descompilaci\u00f3n.<br \/>\nNinguna imagen o gr\u00e1fico disponible en la p\u00e1gina web de My Home Tenerife ser\u00e1 utilizada de forma separada del resto de im\u00e1genes que lo acompa\u00f1an o del texto correspondiente, en su caso.<br \/>\nNo podr\u00e1 ser distribuido ni publicado el contenido de la p\u00e1gina web de My Home Tenerife junto a informaci\u00f3n que promueva: pornograf\u00eda y\/o prostituci\u00f3n, explotaci\u00f3n infantil, racismo, terrorismo, cualquier otro contenido ilegal.<br \/>\nMy Home Tenerife se reserva el derecho de revocar la autorizaci\u00f3n para utilizar el contenido de su p\u00e1gina web en cualquier momento. En dicho caso todo uso deber\u00e1 ser interrumpido. My Home Tenerife no se hace responsable de la informaci\u00f3n de terceros al lado de la cual se haya a\u00f1adido parte del contenido de su p\u00e1gina web.<br \/>\nLos nombres de productos que aparecen en esta p\u00e1gina web pueden ser marcas registradas de sus respectivas compa\u00f1\u00edas.<br \/>\n\u00b7INFORMACI\u00d3N DE OTRAS P\u00c1GINAS WEB ENLAZADAS A ESTE<\/p>\n<p>My Home Tenerife no puede revisar ni ha revisado todas las p\u00e1ginas web enlazadas a \u00e9sta, por lo que no es responsable de sus contenidos. Los riesgos derivados de la consulta de tales p\u00e1ginas web corresponden exclusivamente a los usuarios, que deber\u00e1n regirse por los t\u00e9rminos y condiciones de utilizaci\u00f3n de las mismas.<br \/>\n\u00b7CORRESPONDENCIA<\/p>\n<p>Cualquier contenido o informaci\u00f3n dirigida a esta p\u00e1gina web por cualquier medio ser\u00e1n considerados de naturaleza no confidencial y p\u00fablica, por lo que podr\u00e1n ser difundidos, archivados o utilizados por My Home Tenerife para cualquier finalidad, incluyendo el desarrollo, fabricaci\u00f3n y marketing de sus productos.<br \/>\nNo dirija a esta p\u00e1gina web ni desde la misma ning\u00fan tipo de contenidos o informaciones ilegales, intimidatorios, difamatorios, calumniosos, injuriosos, obscenos, escandalosos, provocativos, pornogr\u00e1ficos, irreverentes o cualesquiera otros que pudieran dar lugar a responsabilidad civil o penal en el territorio al que esta p\u00e1gina web se refiere.<br \/>\n\u00b7PROTECCI\u00d3N DE PRIVACIDAD<\/p>\n<p>Vea la Pol\u00edtica de privacidad de My Home Tenerife en relaci\u00f3n con el tratamiento de los datos personales que hace My Home Tenerife.<br \/>\n\u00b7AVISO DE DISPONIBILIDAD DE AVISO<\/p>\n<p>Tanto los precios como las disponibilidades indicadas en la p\u00e1gina web de My Home Tenerife podr\u00e1n estar sujetas a modificaciones sin previo aviso.<br \/>\nEs posible que en la p\u00e1gina web de My Home Tenerife se haga referencia a productos o servicios que no se comercialicen en algunos pa\u00edses. Estas referencias no implican que My Home Tenerife vaya a comercializar estos productos o servicios en los mismos.<\/p>\n<p>\u00b7USO DE SOFTWARE DISPONIBLE EN ESTA P\u00c3GINA WEB<\/p>\n<p>El software que se puede comprar y descargar en esta p\u00e1gina web es propiedad intelectual de My Home Tenerife.<br \/>\nEl uso de dicho software est\u00e1 regulado por las condiciones que aparecen en la Licencia de Uso que a acompa\u00f1a al mismo. No est\u00e1 permitida la descarga ni la instalaci\u00f3n de ning\u00fan Software si no son aceptadas las condiciones recogidas en la Licencia de Uso.<br \/>\n\u00b7USOS LEGALES<\/p>\n<p>Los servicios proporcionados a trav\u00e9s de esta p\u00e1gina web por My Home Tenerife no podr\u00e1n ser utilizados con fines ilegales o no permitidos por el presente aviso legal. Esta prohibido interferir en el uso de terceras partes de los servicios de My Home Tenerife, as\u00ed como causar cualquier da\u00f1o a los servidores de My Home Tenerife o a las redes conectadas a los mismos.<\/p>\n<p>Env\u00ede sus preguntas sobre este aviso legal a e-mail: info@myhometenerife.com<br \/>\no a la siguiente direcci\u00f3n:<\/p>\n<p>My Home Tenerife<br \/>\nC\/. Monta\u00f1a Clara, 5 local 9<br \/>\n38679 Adeje, Fa\u00f1ab\u00e9 \u2013 Santa Cruz de Tenerife<\/p>\n","protected":false},"excerpt":{"rendered":"<p>Pol\u00edtica de Privacidad La prestaci\u00f3n de los servicios y productos disponibles por My Home Tenerife a trav\u00e9s de esta p\u00e1gina web est\u00e1n sujetos a las siguientes condiciones de uso. Por favor, t\u00e9ngalas en cuenta cuando est\u00e9 visitando nuestra p\u00e1gina web. My Home Tenerife se reserva el derecho de cambiar estas condiciones de uso, y los [&hellip;]<\/p>\n","protected":false},"author":3,"featured_media":0,"parent":0,"menu_order":0,"comment_status":"closed","ping_status":"closed","template":"","meta":{"footnotes":""},"_links":{"self":[{"href":"http:\/\/myhometenerife.com\/it\/wp-json\/wp\/v2\/pages\/1050"}],"collection":[{"href":"http:\/\/myhometenerife.com\/it\/wp-json\/wp\/v2\/pages"}],"about":[{"href":"http:\/\/myhometenerife.com\/it\/wp-json\/wp\/v2\/types\/page"}],"author":[{"embeddable":true,"href":"http:\/\/myhometenerife.com\/it\/wp-json\/wp\/v2\/users\/3"}],"replies":[{"embeddable":true,"href":"http:\/\/myhometenerife.com\/it\/wp-json\/wp\/v2\/comments?post=1050"}],"version-history":[{"count":1,"href":"http:\/\/myhometenerife.com\/it\/wp-json\/wp\/v2\/pages\/1050\/revisions"}],"predecessor-version":[{"id":1051,"href":"http:\/\/myhometenerife.com\/it\/wp-json\/wp\/v2\/pages\/1050\/revisions\/1051"}],"wp:attachment":[{"href":"http:\/\/myhometenerife.com\/it\/wp-json\/wp\/v2\/media?parent=1050"}],"curies":[{"name":"wp","href":"https:\/\/api.w.org\/{rel}","templated":true}]}}