{"id":810,"date":"2013-08-03T23:45:40","date_gmt":"2013-08-03T23:45:40","guid":{"rendered":"http:\/\/realhomes.inspirythemes.com\/?page_id=44"},"modified":"2017-03-13T12:03:56","modified_gmt":"2017-03-13T12:03:56","slug":"home-2","status":"publish","type":"page","link":"http:\/\/myhometenerife.com\/es\/","title":{"rendered":"Home"},"content":{"rendered":"<p>[vc_row][vc_column][vc_column_text]<\/p>\n<h3 id=\"tw-target-text\" class=\"tw-data-text tw-ta tw-text-small\" dir=\"ltr\" style=\"text-align: center;\" data-placeholder=\"Prevod\"><span lang=\"es\">Bienvenido a Tenerife! <\/span><\/h3>\n<h4 class=\"tw-data-text tw-ta tw-text-small\" dir=\"ltr\" style=\"text-align: center;\" data-placeholder=\"Prevod\"><span lang=\"es\">\u00abMy Home Tenerife es una agencia que ayuda a las personas a encontrar all\u00ed perfecto hogar en Tenerife\u00bb.<\/span><\/h4>\n<p>[\/vc_column_text][vc_separator]<div class=\"listing-layout property-grid inspiry-shortcode\"><div class=\"list-container clearfix\"><article class=\"property-item clearfix\">\n\n    <figure>\n        <a href=\"http:\/\/myhometenerife.com\/es\/property\/t0-santa-maria\/\">\n            <img loading=\"lazy\" decoding=\"async\" width=\"246\" height=\"162\" src=\"http:\/\/myhometenerife.com\/wp-content\/uploads\/2026\/01\/WhatsApp-Image-2023-08-04-at-11.16.21-1-246x162.jpeg\" class=\"attachment-grid-view-image size-grid-view-image wp-post-image\" alt=\"\" \/>        <\/a>\n\n        <figcaption class=\"in-vendita\">Venta<\/figcaption>\n    <\/figure>\n\n\n    <h4><a href=\"http:\/\/myhometenerife.com\/es\/property\/t0-santa-maria\/\">T0 &#8211; Santa Maria<\/a><\/h4>\n    <p>En el coraz\u00f3n vibrante de Santa Maria, en una&hellip; <a class=\"more-details\" href=\"http:\/\/myhometenerife.com\/es\/property\/t0-santa-maria\/\">M\u00e1s detalles<i class=\"fa fa-caret-right\"><\/i><\/a><\/p>\n    <span>\u20ac95.000 <\/span><\/article><article class=\"property-item clearfix\">\n\n    <figure>\n        <a href=\"http:\/\/myhometenerife.com\/es\/property\/t1-ca-celeste\/\">\n            <img loading=\"lazy\" decoding=\"async\" width=\"246\" height=\"162\" src=\"http:\/\/myhometenerife.com\/wp-content\/uploads\/2026\/01\/WhatsApp-Image-2025-11-30-at-23.03.30-246x162.jpeg\" class=\"attachment-grid-view-image size-grid-view-image wp-post-image\" alt=\"\" \/>        <\/a>\n\n        <figcaption class=\"in-vendita\">Venta<\/figcaption>\n    <\/figure>\n\n\n    <h4><a href=\"http:\/\/myhometenerife.com\/es\/property\/t1-ca-celeste\/\">T1 &#8211; Ca&#8217; Celeste<\/a><\/h4>\n    <p>Ubicado en la conveniente y popular zona de Ribeirinha,&hellip; <a class=\"more-details\" href=\"http:\/\/myhometenerife.com\/es\/property\/t1-ca-celeste\/\">M\u00e1s detalles<i class=\"fa fa-caret-right\"><\/i><\/a><\/p>\n    <span>\u20ac66.000 <\/span><\/article><article class=\"property-item clearfix\">\n\n    <figure>\n        <a href=\"http:\/\/myhometenerife.com\/es\/property\/t1-ed-mara\/\">\n            <img loading=\"lazy\" decoding=\"async\" width=\"246\" height=\"162\" src=\"http:\/\/myhometenerife.com\/wp-content\/uploads\/2026\/01\/WhatsApp-Image-2025-11-26-at-18.23.02-1-246x162.jpeg\" class=\"attachment-grid-view-image size-grid-view-image wp-post-image\" alt=\"\" srcset=\"http:\/\/myhometenerife.com\/wp-content\/uploads\/2026\/01\/WhatsApp-Image-2025-11-26-at-18.23.02-1-246x162.jpeg 246w, http:\/\/myhometenerife.com\/wp-content\/uploads\/2026\/01\/WhatsApp-Image-2025-11-26-at-18.23.02-1-150x100.jpeg 150w\" sizes=\"(max-width: 246px) 100vw, 246px\" \/>        <\/a>\n\n        <figcaption class=\"in-vendita\">Venta<\/figcaption>\n    <\/figure>\n\n\n    <h4><a href=\"http:\/\/myhometenerife.com\/es\/property\/t1-ed-mara\/\">T1 &#8211; Ed. Mara<\/a><\/h4>\n    <p>En la residencia \u00abMara\u00bb de Santa Mar\u00eda, en la&hellip; <a class=\"more-details\" href=\"http:\/\/myhometenerife.com\/es\/property\/t1-ed-mara\/\">M\u00e1s detalles<i class=\"fa fa-caret-right\"><\/i><\/a><\/p>\n    <span>\u20ac85.000 <\/span><\/article><article class=\"property-item clearfix\">\n\n    <figure>\n        <a href=\"http:\/\/myhometenerife.com\/es\/property\/italiano-monolocale-a-los-cristianos\/\">\n            <img loading=\"lazy\" decoding=\"async\" width=\"246\" height=\"162\" src=\"http:\/\/myhometenerife.com\/wp-content\/uploads\/2025\/08\/Tropical-6-246x162.jpeg\" class=\"attachment-grid-view-image size-grid-view-image wp-post-image\" alt=\"\" \/>        <\/a>\n\n        <figcaption class=\"in-vendita\">Venta<\/figcaption>\n    <\/figure>\n\n\n    <h4><a href=\"http:\/\/myhometenerife.com\/es\/property\/italiano-monolocale-a-los-cristianos\/\">Estudio en Los Cristianos<\/a><\/h4>\n    <p>Ubicado en el prestigioso y cuidado complejo Parque Tropical,&hellip; <a class=\"more-details\" href=\"http:\/\/myhometenerife.com\/es\/property\/italiano-monolocale-a-los-cristianos\/\">M\u00e1s detalles<i class=\"fa fa-caret-right\"><\/i><\/a><\/p>\n    <span>\u20ac230.000 <\/span><\/article><article class=\"property-item clearfix\">\n\n    <figure>\n        <a href=\"http:\/\/myhometenerife.com\/es\/property\/apartment-in-costa-del-silencio\/\">\n            <img loading=\"lazy\" decoding=\"async\" width=\"246\" height=\"162\" src=\"http:\/\/myhometenerife.com\/wp-content\/uploads\/2025\/02\/Residencial-Primavera-246x162.jpg\" class=\"attachment-grid-view-image size-grid-view-image wp-post-image\" alt=\"\" \/>        <\/a>\n\n        \n    <\/figure>\n\n\n    <h4><a href=\"http:\/\/myhometenerife.com\/es\/property\/apartment-in-costa-del-silencio\/\">Piso en Costa del Silencio<\/a><\/h4>\n    <p>Se vende en Costa del Silencio, en el complejo&hellip; <a class=\"more-details\" href=\"http:\/\/myhometenerife.com\/es\/property\/apartment-in-costa-del-silencio\/\">M\u00e1s detalles<i class=\"fa fa-caret-right\"><\/i><\/a><\/p>\n    <span>\u20ac159.500 <\/span><\/article><article class=\"property-item clearfix\">\n\n    <figure>\n        <a href=\"http:\/\/myhometenerife.com\/es\/property\/apartment-for-sale-el-mocan-palm-mar\/\">\n            <img loading=\"lazy\" decoding=\"async\" width=\"246\" height=\"162\" src=\"http:\/\/myhometenerife.com\/wp-content\/uploads\/2025\/02\/WhatsApp-Image-2025-02-12-at-20.57.25-246x162.jpeg\" class=\"attachment-grid-view-image size-grid-view-image wp-post-image\" alt=\"\" srcset=\"http:\/\/myhometenerife.com\/wp-content\/uploads\/2025\/02\/WhatsApp-Image-2025-02-12-at-20.57.25-246x162.jpeg 246w, http:\/\/myhometenerife.com\/wp-content\/uploads\/2025\/02\/WhatsApp-Image-2025-02-12-at-20.57.25-300x199.jpeg 300w, http:\/\/myhometenerife.com\/wp-content\/uploads\/2025\/02\/WhatsApp-Image-2025-02-12-at-20.57.25-1024x678.jpeg 1024w, http:\/\/myhometenerife.com\/wp-content\/uploads\/2025\/02\/WhatsApp-Image-2025-02-12-at-20.57.25-768x509.jpeg 768w, http:\/\/myhometenerife.com\/wp-content\/uploads\/2025\/02\/WhatsApp-Image-2025-02-12-at-20.57.25-1536x1018.jpeg 1536w, http:\/\/myhometenerife.com\/wp-content\/uploads\/2025\/02\/WhatsApp-Image-2025-02-12-at-20.57.25-150x99.jpeg 150w, http:\/\/myhometenerife.com\/wp-content\/uploads\/2025\/02\/WhatsApp-Image-2025-02-12-at-20.57.25.jpeg 1600w\" sizes=\"(max-width: 246px) 100vw, 246px\" \/>        <\/a>\n\n        <figcaption class=\"in-vendita\">Venta<\/figcaption>\n    <\/figure>\n\n\n    <h4><a href=\"http:\/\/myhometenerife.com\/es\/property\/apartment-for-sale-el-mocan-palm-mar\/\">Piso en Venta \u2013 El Moc\u00e1n, Palm-Mar<\/a><\/h4>\n    <p>Se vende acogedor estudio convertido en apartamento de 1&hellip; <a class=\"more-details\" href=\"http:\/\/myhometenerife.com\/es\/property\/apartment-for-sale-el-mocan-palm-mar\/\">M\u00e1s detalles<i class=\"fa fa-caret-right\"><\/i><\/a><\/p>\n    <span>\u20ac210.000 <\/span><\/article><article class=\"property-item clearfix\">\n\n    <figure>\n        <a href=\"http:\/\/myhometenerife.com\/es\/property\/industrial-warehouse\/\">\n            <img loading=\"lazy\" decoding=\"async\" width=\"246\" height=\"162\" src=\"http:\/\/myhometenerife.com\/wp-content\/uploads\/2025\/02\/WhatsApp-Image-2025-02-07-at-12.27.19-246x162.jpeg\" class=\"attachment-grid-view-image size-grid-view-image wp-post-image\" alt=\"\" \/>        <\/a>\n\n        <figcaption class=\"in-vendita\">Venta<\/figcaption>\n    <\/figure>\n\n\n    <h4><a href=\"http:\/\/myhometenerife.com\/es\/property\/industrial-warehouse\/\">Nave Industrial<\/a><\/h4>\n    <p>Se vende nave industrial en Las Chafiras, una de&hellip; <a class=\"more-details\" href=\"http:\/\/myhometenerife.com\/es\/property\/industrial-warehouse\/\">M\u00e1s detalles<i class=\"fa fa-caret-right\"><\/i><\/a><\/p>\n    <span>\u20ac900.000 <\/span><\/article><article class=\"property-item clearfix\">\n\n    <figure>\n        <a href=\"http:\/\/myhometenerife.com\/es\/property\/terreno-in-la-concepcion\/\">\n            <img loading=\"lazy\" decoding=\"async\" width=\"246\" height=\"162\" src=\"http:\/\/myhometenerife.com\/wp-content\/uploads\/2025\/01\/WhatsApp-Image-2025-01-27-at-10.58.24-2-246x162.jpeg\" class=\"attachment-grid-view-image size-grid-view-image wp-post-image\" alt=\"\" \/>        <\/a>\n\n        \n    <\/figure>\n\n\n    <h4><a href=\"http:\/\/myhometenerife.com\/es\/property\/terreno-in-la-concepcion\/\">Terreno en La Concepcion<\/a><\/h4>\n    <p>En venta terreno completamente urbano en La Concepci\u00f3n, una&hellip; <a class=\"more-details\" href=\"http:\/\/myhometenerife.com\/es\/property\/terreno-in-la-concepcion\/\">M\u00e1s detalles<i class=\"fa fa-caret-right\"><\/i><\/a><\/p>\n    <span>\u20ac129.000 <\/span><\/article><article class=\"property-item clearfix\">\n\n    <figure>\n        <a href=\"http:\/\/myhometenerife.com\/es\/property\/house-in-las-chafiras\/\">\n            <img loading=\"lazy\" decoding=\"async\" width=\"246\" height=\"162\" src=\"http:\/\/myhometenerife.com\/wp-content\/uploads\/2025\/01\/WhatsApp-Image-2025-01-27-at-10.22.29-246x162.jpeg\" class=\"attachment-grid-view-image size-grid-view-image wp-post-image\" alt=\"\" \/>        <\/a>\n\n        <figcaption class=\"in-vendita\">Venta<\/figcaption>\n    <\/figure>\n\n\n    <h4><a href=\"http:\/\/myhometenerife.com\/es\/property\/house-in-las-chafiras\/\">Casa en Las Chafiras<\/a><\/h4>\n    <p>En venta casa en el coraz\u00f3n de Las Chafiras,&hellip; <a class=\"more-details\" href=\"http:\/\/myhometenerife.com\/es\/property\/house-in-las-chafiras\/\">M\u00e1s detalles<i class=\"fa fa-caret-right\"><\/i><\/a><\/p>\n    <span>\u20ac320.000 <\/span><\/article><article class=\"property-item clearfix\">\n\n    <figure>\n        <a href=\"http:\/\/myhometenerife.com\/es\/property\/coffee-shop-in-los-cristianos\/\">\n            <img loading=\"lazy\" decoding=\"async\" width=\"246\" height=\"162\" src=\"http:\/\/myhometenerife.com\/wp-content\/uploads\/2024\/12\/CO209-246x162.jpeg\" class=\"attachment-grid-view-image size-grid-view-image wp-post-image\" alt=\"\" \/>        <\/a>\n\n        <figcaption class=\"traspaso\">Traspaso<\/figcaption>\n    <\/figure>\n\n\n    <h4><a href=\"http:\/\/myhometenerife.com\/es\/property\/coffee-shop-in-los-cristianos\/\">Cafeteria en Los Cristianos<\/a><\/h4>\n    <p>Se Traspasa Cafeter\u00eda en Los Cristianos Oportunidad \u00fanica en&hellip; <a class=\"more-details\" href=\"http:\/\/myhometenerife.com\/es\/property\/coffee-shop-in-los-cristianos\/\">M\u00e1s detalles<i class=\"fa fa-caret-right\"><\/i><\/a><\/p>\n    <\/article><article class=\"property-item clearfix\">\n\n    <figure>\n        <a href=\"http:\/\/myhometenerife.com\/es\/property\/cv-ap-262-estrella-do-mar\/\">\n            <img loading=\"lazy\" decoding=\"async\" width=\"246\" height=\"162\" src=\"http:\/\/myhometenerife.com\/wp-content\/uploads\/2023\/09\/Estrella-Do-Mar-8-246x162.jpeg\" class=\"attachment-grid-view-image size-grid-view-image wp-post-image\" alt=\"\" \/>        <\/a>\n\n        <figcaption class=\"in-affitto\">Alquiler<\/figcaption>\n    <\/figure>\n\n\n    <h4><a href=\"http:\/\/myhometenerife.com\/es\/property\/cv-ap-262-estrella-do-mar\/\">[CV-AP-262] Estrella Do Mar<\/a><\/h4>\n    <p>En el edificio Estrella do Mar, hay disponible para&hellip; <a class=\"more-details\" href=\"http:\/\/myhometenerife.com\/es\/property\/cv-ap-262-estrella-do-mar\/\">M\u00e1s detalles<i class=\"fa fa-caret-right\"><\/i><\/a><\/p>\n    <\/article><article class=\"property-item clearfix\">\n\n    <figure>\n        <a href=\"http:\/\/myhometenerife.com\/es\/property\/c-201-farm-with-housing\/\">\n            <img loading=\"lazy\" decoding=\"async\" width=\"246\" height=\"162\" src=\"http:\/\/myhometenerife.com\/wp-content\/uploads\/2022\/10\/WhatsApp-Image-2022-10-03-at-00.32.59-1-246x162.jpeg\" class=\"attachment-grid-view-image size-grid-view-image wp-post-image\" alt=\"\" \/>        <\/a>\n\n        <figcaption class=\"in-vendita\">Venta<\/figcaption>\n    <\/figure>\n\n\n    <h4><a href=\"http:\/\/myhometenerife.com\/es\/property\/c-201-farm-with-housing\/\">[C-201] Finca con Vivienda<\/a><\/h4>\n    <p>Se trata de un terreno con una superficie de&hellip; <a class=\"more-details\" href=\"http:\/\/myhometenerife.com\/es\/property\/c-201-farm-with-housing\/\">M\u00e1s detalles<i class=\"fa fa-caret-right\"><\/i><\/a><\/p>\n    <span>\u20ac599.000 <\/span><\/article><article class=\"property-item clearfix\">\n\n    <figure>\n        <a href=\"http:\/\/myhometenerife.com\/es\/property\/vi-198-home-in-san-eugenio-alto\/\">\n            <img loading=\"lazy\" decoding=\"async\" width=\"246\" height=\"162\" src=\"http:\/\/myhometenerife.com\/wp-content\/uploads\/2022\/06\/WhatsApp-Image-2022-05-27-at-3.22.49-PM-1-246x162.jpeg\" class=\"attachment-grid-view-image size-grid-view-image wp-post-image\" alt=\"\" \/>        <\/a>\n\n        <figcaption class=\"in-vendita\">Venta<\/figcaption>\n    <\/figure>\n\n\n    <h4><a href=\"http:\/\/myhometenerife.com\/es\/property\/vi-198-home-in-san-eugenio-alto\/\">[VI-198] Villa en San Eugenio Alto<\/a><\/h4>\n    <p>Preciosa vivienda de 3 dormitorios en venta, ubicada en&hellip; <a class=\"more-details\" href=\"http:\/\/myhometenerife.com\/es\/property\/vi-198-home-in-san-eugenio-alto\/\">M\u00e1s detalles<i class=\"fa fa-caret-right\"><\/i><\/a><\/p>\n    <span>\u20ac888.888 <\/span><\/article><article class=\"property-item clearfix\">\n\n    <figure>\n        <a href=\"http:\/\/myhometenerife.com\/es\/property\/vi-185-villas-in-san-isidro\/\">\n            <img loading=\"lazy\" decoding=\"async\" width=\"246\" height=\"162\" src=\"http:\/\/myhometenerife.com\/wp-content\/uploads\/2020\/11\/My-Home-Tenerife-canarie-vendesi-246x162.jpeg\" class=\"attachment-grid-view-image size-grid-view-image wp-post-image\" alt=\"\" \/>        <\/a>\n\n        <figcaption class=\"in-vendita\">Venta<\/figcaption>\n    <\/figure>\n\n\n    <h4><a href=\"http:\/\/myhometenerife.com\/es\/property\/vi-185-villas-in-san-isidro\/\">[VI-185] Villas en San Isidro<\/a><\/h4>\n    <p>En fase de proyecto, se venden fabulosas villas individuales&hellip; <a class=\"more-details\" href=\"http:\/\/myhometenerife.com\/es\/property\/vi-185-villas-in-san-isidro\/\">M\u00e1s detalles<i class=\"fa fa-caret-right\"><\/i><\/a><\/p>\n    <\/article><article class=\"property-item clearfix\">\n\n    <figure>\n        <a href=\"http:\/\/myhometenerife.com\/es\/property\/al-182-apartment-1-bedroom-in-costa-adeje\/\">\n            <img loading=\"lazy\" decoding=\"async\" width=\"246\" height=\"162\" src=\"http:\/\/myhometenerife.com\/wp-content\/uploads\/2020\/11\/WhatsApp-Image-2020-11-11-at-11.26.58-246x162.jpeg\" class=\"attachment-grid-view-image size-grid-view-image wp-post-image\" alt=\"\" \/>        <\/a>\n\n        <figcaption class=\"in-affitto\">Alquiler<\/figcaption>\n    <\/figure>\n\n\n    <h4><a href=\"http:\/\/myhometenerife.com\/es\/property\/al-182-apartment-1-bedroom-in-costa-adeje\/\">[AL-182] Apartamento 1 Habitaci\u00f3n en Costa Adeje &#8211; ALQUILADO<\/a><\/h4>\n    <p>Se alquila luminoso apartamento en zona bien comunicada, con&hellip; <a class=\"more-details\" href=\"http:\/\/myhometenerife.com\/es\/property\/al-182-apartment-1-bedroom-in-costa-adeje\/\">M\u00e1s detalles<i class=\"fa fa-caret-right\"><\/i><\/a><\/p>\n    <\/article><article class=\"property-item clearfix\">\n\n    <figure>\n        <a href=\"http:\/\/myhometenerife.com\/es\/property\/al-176-studio-apartment-in-las-americas\/\">\n            <img loading=\"lazy\" decoding=\"async\" width=\"246\" height=\"162\" src=\"http:\/\/myhometenerife.com\/wp-content\/uploads\/2020\/09\/U.D.-8-246x162.jpeg\" class=\"attachment-grid-view-image size-grid-view-image wp-post-image\" alt=\"\" \/>        <\/a>\n\n        <figcaption class=\"in-affitto\">Alquiler<\/figcaption>\n    <\/figure>\n\n\n    <h4><a href=\"http:\/\/myhometenerife.com\/es\/property\/al-176-studio-apartment-in-las-americas\/\">[AL-176] Estudio &#8211; ALQUILER TUR\u00cdSTICO<\/a><\/h4>\n    <p>PARA TUS VACACIONES En excelente ubicaci\u00f3n, cerca de Playa&hellip; <a class=\"more-details\" href=\"http:\/\/myhometenerife.com\/es\/property\/al-176-studio-apartment-in-las-americas\/\">M\u00e1s detalles<i class=\"fa fa-caret-right\"><\/i><\/a><\/p>\n    <\/article><article class=\"property-item clearfix\">\n\n    <figure>\n        <a href=\"http:\/\/myhometenerife.com\/es\/property\/ap-174c-apartment-in-los-cristianos\/\">\n            <img loading=\"lazy\" decoding=\"async\" width=\"246\" height=\"162\" src=\"http:\/\/myhometenerife.com\/wp-content\/uploads\/2020\/09\/IMG-20200901-WA0004-246x162.jpg\" class=\"attachment-grid-view-image size-grid-view-image wp-post-image\" alt=\"\" \/>        <\/a>\n\n        <figcaption class=\"in-vendita\">Venta<\/figcaption>\n    <\/figure>\n\n\n    <h4><a href=\"http:\/\/myhometenerife.com\/es\/property\/ap-174c-apartment-in-los-cristianos\/\">[AP-174c] Apartamento en Los Cristianos<\/a><\/h4>\n    <p>Se vende gracioso apartamento totalmente reformado y equipado con&hellip; <a class=\"more-details\" href=\"http:\/\/myhometenerife.com\/es\/property\/ap-174c-apartment-in-los-cristianos\/\">M\u00e1s detalles<i class=\"fa fa-caret-right\"><\/i><\/a><\/p>\n    <span>\u20ac189.000 <\/span><\/article><article class=\"property-item clearfix\">\n\n    <figure>\n        <a href=\"http:\/\/myhometenerife.com\/es\/property\/al-147-studio-apartment-in-los-cristianos\/\">\n            <img loading=\"lazy\" decoding=\"async\" width=\"246\" height=\"162\" src=\"http:\/\/myhometenerife.com\/wp-content\/uploads\/2019\/06\/WhatsApp-Image-2019-06-13-at-16.04.59-2-246x162.jpeg\" class=\"attachment-grid-view-image size-grid-view-image wp-post-image\" alt=\"\" \/>        <\/a>\n\n        <figcaption class=\"in-affitto\">Alquiler<\/figcaption>\n    <\/figure>\n\n\n    <h4><a href=\"http:\/\/myhometenerife.com\/es\/property\/al-147-studio-apartment-in-los-cristianos\/\">[AL-147] Estudio En Los Cristianos &#8211; ALQUILADO<\/a><\/h4>\n    <p>Se alquila apartamento de una habitaci\u00f3n, compuesto por sal\u00f3n,&hellip; <a class=\"more-details\" href=\"http:\/\/myhometenerife.com\/es\/property\/al-147-studio-apartment-in-los-cristianos\/\">M\u00e1s detalles<i class=\"fa fa-caret-right\"><\/i><\/a><\/p>\n    <\/article><article class=\"property-item clearfix\">\n\n    <figure>\n        <a href=\"http:\/\/myhometenerife.com\/es\/property\/las-america-piso-en-alquiler\/\">\n            <img loading=\"lazy\" decoding=\"async\" width=\"246\" height=\"162\" src=\"http:\/\/myhometenerife.com\/wp-content\/uploads\/2017\/03\/IMG-20160908-WA0004-246x162.jpg\" class=\"attachment-grid-view-image size-grid-view-image wp-post-image\" alt=\"\" \/>        <\/a>\n\n        <figcaption class=\"in-affitto\">Alquiler<\/figcaption>\n    <\/figure>\n\n\n    <h4><a href=\"http:\/\/myhometenerife.com\/es\/property\/las-america-piso-en-alquiler\/\">[AL-M02] Apartamento de 1 dormitorio en Las Am\u00e9ricas &#8211; ALQUILADO<\/a><\/h4>\n    <p>Se alquila apartamento de 1 habitaci\u00f3n, sal\u00f3n, cocina, ba\u00f1o&hellip; <a class=\"more-details\" href=\"http:\/\/myhometenerife.com\/es\/property\/las-america-piso-en-alquiler\/\">M\u00e1s detalles<i class=\"fa fa-caret-right\"><\/i><\/a><\/p>\n    <\/article><\/div><\/div>[\/vc_column][\/vc_row]<\/p>\n","protected":false},"excerpt":{"rendered":"<p>[vc_row][vc_column][vc_column_text] Bienvenido a Tenerife! \u00abMy Home Tenerife es una agencia que ayuda a las personas a encontrar all\u00ed perfecto hogar en Tenerife\u00bb. [\/vc_column_text][vc_separator][\/vc_column][\/vc_row]<\/p>\n","protected":false},"author":3,"featured_media":0,"parent":0,"menu_order":0,"comment_status":"open","ping_status":"open","template":"template-home.php","meta":{"footnotes":""},"_links":{"self":[{"href":"http:\/\/myhometenerife.com\/es\/wp-json\/wp\/v2\/pages\/810"}],"collection":[{"href":"http:\/\/myhometenerife.com\/es\/wp-json\/wp\/v2\/pages"}],"about":[{"href":"http:\/\/myhometenerife.com\/es\/wp-json\/wp\/v2\/types\/page"}],"author":[{"embeddable":true,"href":"http:\/\/myhometenerife.com\/es\/wp-json\/wp\/v2\/users\/3"}],"replies":[{"embeddable":true,"href":"http:\/\/myhometenerife.com\/es\/wp-json\/wp\/v2\/comments?post=810"}],"version-history":[{"count":8,"href":"http:\/\/myhometenerife.com\/es\/wp-json\/wp\/v2\/pages\/810\/revisions"}],"predecessor-version":[{"id":1207,"href":"http:\/\/myhometenerife.com\/es\/wp-json\/wp\/v2\/pages\/810\/revisions\/1207"}],"wp:attachment":[{"href":"http:\/\/myhometenerife.com\/es\/wp-json\/wp\/v2\/media?parent=810"}],"curies":[{"name":"wp","href":"https:\/\/api.w.org\/{rel}","templated":true}]}}