{"id":1782,"date":"2017-09-25T10:05:55","date_gmt":"2017-09-25T10:05:55","guid":{"rendered":"http:\/\/myhometenerife.com\/?page_id=1782"},"modified":"2017-09-27T19:13:05","modified_gmt":"2017-09-27T19:13:05","slug":"italiano-bio-costruzioni","status":"publish","type":"page","link":"http:\/\/myhometenerife.com\/es\/italiano-bio-costruzioni\/","title":{"rendered":"Bio Costrucci\u00f3n"},"content":{"rendered":"<p>[vc_row][vc_column][vc_gallery interval=\u00bb3&#8243; images=\u00bb1809,1810,1812,1827,1803,1802,1806&#8243; img_size=\u00bbfull\u00bb][vc_column_text]<strong><b>EL FUTURO DE TU CASA<\/b><\/strong><\/p>\n<p><strong><b>Una forma de vivir distinta para que el territorio, la ciudad y la casa se conviertan en un organismo vivo.<\/b><\/strong><\/p>\n<p>El mercado global de las casas de madera crece r\u00e1pidamente: en Alemania el 15\u00a0% de las viviendas es de madera, en Jap\u00f3n es el 50\u00a0% y en Am\u00e9rica del Norte llega casi al 90\u00a0%.<\/p>\n<p>La madera es uno de los materiales de construcci\u00f3n m\u00e1s valorados tanto por sus excelentes prestaciones y capacidad de ahorro energ\u00e9tico como desde el punto de vista de la sostenibilidad medioambiental.<\/p>\n<p><strong><b>Por cada metro c\u00fabico de cemento sustituido por madera, las emisiones de di\u00f3xido de carbono en la atm\u00f3sfera se reducen en una tonelada.<\/b><\/strong>[\/vc_column_text][\/vc_column][\/vc_row][vc_row][vc_column width=\u00bb1\/2&#8243;][vc_single_image image=\u00bb1826&#8243; img_size=\u00bbfull\u00bb][vc_column_text]<strong><b>Nuestro servicio es \u00abllave en mano\u00bb<\/b><\/strong><\/p>\n<p>Intervenciones espec\u00edficas dise\u00f1adas y realizadas a la medida, con tiempos y costes definidos, tantos en construcciones nuevas como en intervenciones menores. Un concepto innovador y competitivo.<\/p>\n<p>Este concepto de \u00abconstrucci\u00f3n llave en mano\u00bb se basa en el an\u00e1lisis preliminar de los objetivos del cliente: un sistema y un m\u00e9todo probados, que permiten establecer un proyecto ejecutivo detallado y una programaci\u00f3n previa que garantizan los tiempos, los costes y los resultados. Ideal tambi\u00e9n en obra menor.[\/vc_column_text][\/vc_column][vc_column width=\u00bb1\/2&#8243;][vc_column_text]<strong><b>Construir un edificio de madera conviene.<\/b><\/strong><\/p>\n<p>Es un material natural sano y resistente, utilizado desde siempre en la construcci\u00f3n. Un edificio con estructura de madera presenta muchas ventajas desde muchos puntos de vista:<\/p>\n<ul>\n<li>Ecolog\u00eda<\/li>\n<li>Est\u00e9tica y confort<\/li>\n<li>Ligereza estructural, flexibilidad y facilidad de fabricaci\u00f3n<\/li>\n<li>Reducci\u00f3n de los tiempos de construcci\u00f3n y versatilidad de uso<\/li>\n<li>Calidad constructiva (dise\u00f1o, tecnolog\u00eda, materiales, competencia)<\/li>\n<li>Salubridad de los ambientes interiores<\/li>\n<li>Resistencia al fuego y los sismos<\/li>\n<li>Eficiencia energ\u00e9tica<\/li>\n<li>Elevada relaci\u00f3n calidad\/precio<\/li>\n<\/ul>\n<p>[\/vc_column_text][vc_single_image image=\u00bb1807&#8243; img_size=\u00bbfull\u00bb][\/vc_column][\/vc_row][vc_row][vc_column width=\u00bb1\/2&#8243;][vc_video link=\u00bbhttps:\/\/www.youtube.com\/watch?v=pI3tMQ20mzs\u00bb][\/vc_column][vc_column width=\u00bb1\/2&#8243;][vc_column_text]Los edificios construidos en Xlam son m\u00e1s ligeros y resistentes respecto a las construcciones tradicionales y por eso m\u00e1s resistentes a los sismos dando m\u00e1s seguridad a los habitantes. Adjuntamos v\u00eddeo de test CNR-IVALSA proyecto Sofia[\/vc_column_text][\/vc_column][\/vc_row][vc_row][vc_column width=\u00bb1\/2&#8243;][vc_column_text]<strong><b>Nuestras casas de madera son lo m\u00e1s natural que puedas imaginar<\/b><\/strong><\/p>\n<p>No son producciones en serie, sino <strong><b>proyectos a medida<\/b><\/strong>. En todas las fases, desde el dise\u00f1o hasta la construcci\u00f3n y la certificaci\u00f3n, recurrimos a los servicios de profesionales especialistas y la asesor\u00eda de t\u00e9cnicos muy cualificados.\u00a0<strong><b>Presupuestos cerrados, tiempos reducidos de ensamblaje, costes de obra reducidos, m\u00e1ximo ahorro pasivo de energ\u00eda<\/b><\/strong>\u00a0representan elementos adicionales a favor de la elecci\u00f3n consciente de una casa \u00abbio\u00bb.[\/vc_column_text][\/vc_column][vc_column width=\u00bb1\/2&#8243;][vc_gallery interval=\u00bb3&#8243; images=\u00bb1800,1798,1794&#8243; img_size=\u00bbfull\u00bb][\/vc_column][\/vc_row][vc_row][vc_column width=\u00bb1\/4&#8243;][vc_single_image image=\u00bb1793&#8243;][\/vc_column][vc_column width=\u00bb1\/4&#8243;][vc_single_image image=\u00bb1801&#8243;][\/vc_column][vc_column width=\u00bb1\/4&#8243;][\/vc_column][vc_column width=\u00bb1\/4&#8243;][\/vc_column][\/vc_row][vc_row][vc_column][vc_column_text]Copyright \u00a9 Glonethouse and Myhometenerife. All rights reserved.[\/vc_column_text][\/vc_column][\/vc_row]<\/p>\n","protected":false},"excerpt":{"rendered":"<p>[vc_row][vc_column][vc_gallery interval=\u00bb3&#8243; images=\u00bb1809,1810,1812,1827,1803,1802,1806&#8243; img_size=\u00bbfull\u00bb][vc_column_text]EL FUTURO DE TU CASA Una forma de vivir distinta para que el territorio, la ciudad y la casa se conviertan en un organismo vivo. El mercado global de las casas de madera crece r\u00e1pidamente: en Alemania el 15\u00a0% de las viviendas es de madera, en Jap\u00f3n es el 50\u00a0% y en [&hellip;]<\/p>\n","protected":false},"author":3,"featured_media":0,"parent":0,"menu_order":0,"comment_status":"closed","ping_status":"closed","template":"","meta":{"footnotes":""},"_links":{"self":[{"href":"http:\/\/myhometenerife.com\/es\/wp-json\/wp\/v2\/pages\/1782"}],"collection":[{"href":"http:\/\/myhometenerife.com\/es\/wp-json\/wp\/v2\/pages"}],"about":[{"href":"http:\/\/myhometenerife.com\/es\/wp-json\/wp\/v2\/types\/page"}],"author":[{"embeddable":true,"href":"http:\/\/myhometenerife.com\/es\/wp-json\/wp\/v2\/users\/3"}],"replies":[{"embeddable":true,"href":"http:\/\/myhometenerife.com\/es\/wp-json\/wp\/v2\/comments?post=1782"}],"version-history":[{"count":16,"href":"http:\/\/myhometenerife.com\/es\/wp-json\/wp\/v2\/pages\/1782\/revisions"}],"predecessor-version":[{"id":1887,"href":"http:\/\/myhometenerife.com\/es\/wp-json\/wp\/v2\/pages\/1782\/revisions\/1887"}],"wp:attachment":[{"href":"http:\/\/myhometenerife.com\/es\/wp-json\/wp\/v2\/media?parent=1782"}],"curies":[{"name":"wp","href":"https:\/\/api.w.org\/{rel}","templated":true}]}}